{"id":125,"date":"2018-05-30T23:47:28","date_gmt":"2018-05-30T23:47:28","guid":{"rendered":"http:\/\/buyahousecostarica.com\/?page_id=125"},"modified":"2018-05-30T23:47:28","modified_gmt":"2018-05-30T23:47:28","slug":"politica-de-privacidad","status":"publish","type":"page","link":"https:\/\/buyahousecostarica.com\/es\/politica-de-privacidad\/","title":{"rendered":"Politica de Privacidad"},"content":{"rendered":"<p><span id=\"result_box\" class=\"\" lang=\"es\"><span title=\"Who we are\">Quienes somos<\/p>\n<p><\/span><span title=\"Our website address is: http:\/\/buyahousecostarica.com.\">La direcci\u00f3n de nuestro sitio web es: http:\/\/buyahousecostarica.com.<br \/>\n<\/span><span title=\"What personal data we collect and why we collect it\">Qu\u00e9 datos personales recopilamos y por qu\u00e9 los recopilamos<br \/>\n<\/span><span title=\"Comments\">Comentarios<\/p>\n<p><\/span><span title=\"When visitors leave comments on the site we collect the data shown in the comments form, and also the visitor\u2019s IP address and browser user agent string to help spam detection.\">Cuando los visitantes dejan comentarios en el sitio, recopilamos los datos que se muestran en el formulario de comentarios, y tambi\u00e9n la direcci\u00f3n IP del visitante y la cadena del agente del usuario del navegador para ayudar a detectar el correo no deseado.<\/p>\n<p><\/span><span title=\"An anonymized string created from your email address (also called a hash) may be provided to the Gravatar service to see if you are using it.\">Se puede proporcionar una cadena an\u00f3nima creada desde su direcci\u00f3n de correo electr\u00f3nico (tambi\u00e9n llamada hash) al servicio Gravatar para ver si la est\u00e1 usando. <\/span><span title=\"The Gravatar service privacy policy is available here: https:\/\/automattic.com\/privacy\/.\">La pol\u00edtica de privacidad del servicio Gravatar est\u00e1 disponible aqu\u00ed: https:\/\/automattic.com\/privacy\/. <\/span><span title=\"After approval of your comment, your profile picture is visible to the public in the context of your comment.\">Despu\u00e9s de la aprobaci\u00f3n de su comentario, su imagen de perfil es visible para el p\u00fablico en el contexto de su comentario.<br \/>\n<\/span><span title=\"Media\">Medios de comunicaci\u00f3n<\/p>\n<p><\/span><span title=\"If you upload images to the website, you should avoid uploading images with embedded location data (EXIF GPS) included.\">Si carga im\u00e1genes al sitio web, debe evitar cargar im\u00e1genes con datos de ubicaci\u00f3n incrustados (GPS EXIF) incluidos. <\/span><span title=\"Visitors to the website can download and extract any location data from images on the website.\">Los visitantes del sitio web pueden descargar y extraer cualquier informaci\u00f3n de ubicaci\u00f3n de las im\u00e1genes en el sitio web.<br \/>\n<\/span><span title=\"Contact forms\">Formularios de contacto<br \/>\n<\/span><span title=\"Cookies\">Galletas<\/p>\n<p><\/span><span title=\"If you leave a comment on our site you may opt-in to saving your name, email address and website in cookies.\">Si deja un comentario en nuestro sitio, puede optar por guardar su nombre, direcci\u00f3n de correo electr\u00f3nico y sitio web en las cookies. <\/span><span title=\"These are for your convenience so that you do not have to fill in your details again when you leave another comment.\">Estos son para su conveniencia para que no tenga que volver a ingresar sus datos cuando deje otro comentario. <\/span><span title=\"These cookies will last for one year.\">Estas cookies durar\u00e1n un a\u00f1o.<\/p>\n<p><\/span><span title=\"If you have an account and you log in to this site, we will set a temporary cookie to determine if your browser accepts cookies.\">Si tiene una cuenta e inicia sesi\u00f3n en este sitio, configuraremos una cookie temporal para determinar si su navegador acepta cookies. <\/span><span title=\"This cookie contains no personal data and is discarded when you close your browser.\">Esta cookie no contiene datos personales y se descarta al cerrar el navegador.<\/p>\n<p><\/span><span title=\"When you log in, we will also set up several cookies to save your login information and your screen display choices.\">Cuando inicie sesi\u00f3n, tambi\u00e9n configuraremos varias cookies para guardar su informaci\u00f3n de inicio de sesi\u00f3n y sus opciones de visualizaci\u00f3n en pantalla. <\/span><span title=\"Login cookies last for two days, and screen options cookies last for a year.\">Las cookies de inicio de sesi\u00f3n duran dos d\u00edas y las cookies de opciones de pantalla duran un a\u00f1o. <\/span><span title=\"If you select &quot;Remember Me&quot;, your login will persist for two weeks.\">Si selecciona &#8220;Recordarme&#8221;, su inicio de sesi\u00f3n se mantendr\u00e1 durante dos semanas. <\/span><span title=\"If you log out of your account, the login cookies will be removed.\">Si cierra la sesi\u00f3n de su cuenta, se eliminar\u00e1n las cookies de inicio de sesi\u00f3n.<\/p>\n<p><\/span><span title=\"If you edit or publish an article, an additional cookie will be saved in your browser.\">Si edita o publica un art\u00edculo, se guardar\u00e1 una cookie adicional en su navegador. <\/span><span title=\"This cookie includes no personal data and simply indicates the post ID of the article you just edited.\">Esta cookie no incluye datos personales y simplemente indica la ID de publicaci\u00f3n del art\u00edculo que acaba de editar. <\/span><span title=\"It expires after 1 day.\">Caduca despu\u00e9s de 1 d\u00eda.<br \/>\n<\/span><span title=\"Embedded content from other websites\">Contenido incrustado de otros sitios web<\/p>\n<p><\/span><span title=\"Articles on this site may include embedded content (e.g. videos, images, articles, etc.).\">Los art\u00edculos en este sitio pueden incluir contenido incrustado (por ejemplo, videos, im\u00e1genes, art\u00edculos, etc.). <\/span><span title=\"Embedded content from other websites behaves in the exact same way as if the visitor has visited the other website.\">El contenido incrustado de otros sitios web se comporta de la misma manera que si el visitante hubiera visitado el otro sitio web.<\/p>\n<p><\/span><span title=\"These websites may collect data about you, use cookies, embed additional third-party tracking, and monitor your interaction with that embedded content, including tracing your interaction with the embedded content if you have an account and are logged in to that website.\">Estos sitios web pueden recopilar datos sobre usted, utilizar cookies, incrustar un seguimiento de terceros adicional y supervisar su interacci\u00f3n con ese contenido incrustado, incluyendo el rastreo de su interacci\u00f3n con el contenido incrustado si tiene una cuenta y est\u00e1 conectado a ese sitio web.<br \/>\n<\/span><span title=\"Analytics\">Anal\u00edtica<br \/>\n<\/span><span title=\"Who we share your data with\">Con qui\u00e9n compartimos tus datos<br \/>\n<\/span><span title=\"How long we retain your data\">Cu\u00e1nto tiempo conservamos sus datos<\/p>\n<p><\/span><span title=\"If you leave a comment, the comment and its metadata are retained indefinitely.\">Si deja un comentario, el comentario y sus metadatos se conservan indefinidamente. <\/span><span title=\"This is so we can recognize and approve any follow-up comments automatically instead of holding them in a moderation queue.\">Esto es para que podamos reconocer y aprobar cualquier comentario de seguimiento de forma autom\u00e1tica en lugar de mantenerlos en una cola de moderaci\u00f3n.<\/p>\n<p><\/span><span title=\"For users that register on our website (if any), we also store the personal information they provide in their user profile.\">Para los usuarios que se registran en nuestro sitio web (si corresponde), tambi\u00e9n almacenamos la informaci\u00f3n personal que proporcionan en su perfil de usuario. <\/span><span title=\"All users can see, edit, or delete their personal information at any time (except they cannot change their username).\">Todos los usuarios pueden ver, editar o eliminar su informaci\u00f3n personal en cualquier momento (excepto que no pueden cambiar su nombre de usuario). <\/span><span title=\"Website administrators can also see and edit that information.\">Los administradores del sitio web tambi\u00e9n pueden ver y editar esa informaci\u00f3n.<br \/>\n<\/span><span title=\"What rights you have over your data\">Qu\u00e9 derechos tienes sobre tus datos<\/p>\n<p><\/span><span title=\"If you have an account on this site, or have left comments, you can request to receive an exported file of the personal data we hold about you, including any data you have provided to us.\">Si tiene una cuenta en este sitio o ha dejado comentarios, puede solicitar recibir un archivo exportado de los datos personales que tenemos sobre usted, incluidos los datos que nos haya proporcionado. <\/span><span title=\"You can also request that we erase any personal data we hold about you.\">Tambi\u00e9n puede solicitar que borremos cualquier dato personal que tengamos sobre usted. <\/span><span title=\"This does not include any data we are obliged to keep for administrative, legal, or security purposes.\">Esto no incluye datos que estamos obligados a mantener para fines administrativos, legales o de seguridad.<br \/>\n<\/span><span title=\"Where we send your data\">Donde enviamos sus datos<\/p>\n<p><\/span><span title=\"Visitor comments may be checked through an automated spam detection service.\">Los comentarios de los visitantes se pueden verificar a trav\u00e9s de un servicio autom\u00e1tico de detecci\u00f3n de spam.<br \/>\n<\/span><span title=\"Your contact information\">Tu informaci\u00f3n de contacto<br \/>\n<\/span><span title=\"Additional information\">Informaci\u00f3n Adicional<br \/>\n<\/span><span title=\"How we protect your data\">C\u00f3mo protegemos sus datos<br \/>\n<\/span><span title=\"What data breach procedures we have in place\">\u00bfQu\u00e9 procedimientos de violaci\u00f3n de datos tenemos en marcha?<br \/>\n<\/span><span title=\"What third parties we receive data from\">De qu\u00e9 terceros recibimos datos de<br \/>\n<\/span><span title=\"What automated decision making and\/or profiling we do with user data\">Qu\u00e9 tomas de decisiones y \/ o perfiles automatizados hacemos con los datos del usuario<br \/>\n<\/span><span title=\"Industry regulatory disclosure requirements\">Requisitos de divulgaci\u00f3n regulatoria de la industria<\/span><\/span><\/p>","protected":false},"excerpt":{"rendered":"<p>Quienes somos La direcci\u00f3n de nuestro sitio web es: http:\/\/buyahousecostarica.com. Qu\u00e9 datos personales recopilamos y por qu\u00e9 los recopilamos Comentarios Cuando los visitantes dejan comentarios en el sitio, recopilamos los datos que se muestran en el formulario de comentarios, y tambi\u00e9n la direcci\u00f3n IP del visitante y la cadena del agente del usuario del navegador [&hellip;]<\/p>\n","protected":false},"author":1,"featured_media":0,"parent":0,"menu_order":0,"comment_status":"closed","ping_status":"open","template":"","meta":{"site-sidebar-layout":"default","site-content-layout":"","ast-site-content-layout":"default","site-content-style":"default","site-sidebar-style":"default","ast-global-header-display":"","ast-banner-title-visibility":"","ast-main-header-display":"","ast-hfb-above-header-display":"","ast-hfb-below-header-display":"","ast-hfb-mobile-header-display":"","site-post-title":"","ast-breadcrumbs-content":"","ast-featured-img":"","footer-sml-layout":"","ast-disable-related-posts":"","theme-transparent-header-meta":"","adv-header-id-meta":"","stick-header-meta":"","header-above-stick-meta":"","header-main-stick-meta":"","header-below-stick-meta":"","astra-migrate-meta-layouts":"default","ast-page-background-enabled":"default","ast-page-background-meta":{"desktop":{"background-color":"","background-image":"","background-repeat":"repeat","background-position":"center center","background-size":"auto","background-attachment":"scroll","background-type":"","background-media":"","overlay-type":"","overlay-color":"","overlay-opacity":"","overlay-gradient":""},"tablet":{"background-color":"","background-image":"","background-repeat":"repeat","background-position":"center center","background-size":"auto","background-attachment":"scroll","background-type":"","background-media":"","overlay-type":"","overlay-color":"","overlay-opacity":"","overlay-gradient":""},"mobile":{"background-color":"","background-image":"","background-repeat":"repeat","background-position":"center center","background-size":"auto","background-attachment":"scroll","background-type":"","background-media":"","overlay-type":"","overlay-color":"","overlay-opacity":"","overlay-gradient":""}},"ast-content-background-meta":{"desktop":{"background-color":"var(--ast-global-color-5)","background-image":"","background-repeat":"repeat","background-position":"center center","background-size":"auto","background-attachment":"scroll","background-type":"","background-media":"","overlay-type":"","overlay-color":"","overlay-opacity":"","overlay-gradient":""},"tablet":{"background-color":"var(--ast-global-color-5)","background-image":"","background-repeat":"repeat","background-position":"center center","background-size":"auto","background-attachment":"scroll","background-type":"","background-media":"","overlay-type":"","overlay-color":"","overlay-opacity":"","overlay-gradient":""},"mobile":{"background-color":"var(--ast-global-color-5)","background-image":"","background-repeat":"repeat","background-position":"center center","background-size":"auto","background-attachment":"scroll","background-type":"","background-media":"","overlay-type":"","overlay-color":"","overlay-opacity":"","overlay-gradient":""}},"footnotes":""},"class_list":["post-125","page","type-page","status-publish","hentry"],"_links":{"self":[{"href":"https:\/\/buyahousecostarica.com\/es\/wp-json\/wp\/v2\/pages\/125","targetHints":{"allow":["GET"]}}],"collection":[{"href":"https:\/\/buyahousecostarica.com\/es\/wp-json\/wp\/v2\/pages"}],"about":[{"href":"https:\/\/buyahousecostarica.com\/es\/wp-json\/wp\/v2\/types\/page"}],"author":[{"embeddable":true,"href":"https:\/\/buyahousecostarica.com\/es\/wp-json\/wp\/v2\/users\/1"}],"replies":[{"embeddable":true,"href":"https:\/\/buyahousecostarica.com\/es\/wp-json\/wp\/v2\/comments?post=125"}],"version-history":[{"count":1,"href":"https:\/\/buyahousecostarica.com\/es\/wp-json\/wp\/v2\/pages\/125\/revisions"}],"predecessor-version":[{"id":126,"href":"https:\/\/buyahousecostarica.com\/es\/wp-json\/wp\/v2\/pages\/125\/revisions\/126"}],"wp:attachment":[{"href":"https:\/\/buyahousecostarica.com\/es\/wp-json\/wp\/v2\/media?parent=125"}],"curies":[{"name":"wp","href":"https:\/\/api.w.org\/{rel}","templated":true}]}}